{"id":1107,"date":"2024-03-10T16:59:46","date_gmt":"2024-03-10T16:59:46","guid":{"rendered":"https:\/\/kaamos.ee\/elumaja\/?page_id=1107"},"modified":"2024-10-07T09:15:49","modified_gmt":"2024-10-07T09:15:49","slug":"marketplace","status":"publish","type":"page","link":"https:\/\/kaamos.ee\/elumaja\/marketplace\/","title":{"rendered":"Marketplace"},"content":{"rendered":"<h1>Kaamos Marketplace<\/h1>\n<p>on Sinu isiklik kodukujundamise keskkond, kus saad kinnitada meelep\u00e4rased siseviimistluse valikud, tellida k\u00f6\u00f6gim\u00f6\u00f6bli koos tehnikaga, garderoobid ja trendikad sisustustooted.<\/p>\n","protected":false},"excerpt":{"rendered":"<p>Kaamos Marketplace on Sinu isiklik kodukujundamise keskkond, kus saad kinnitada meelep\u00e4rased siseviimistluse valikud, tellida k\u00f6\u00f6gim\u00f6\u00f6bli koos tehnikaga, garderoobid ja trendikad sisustustooted.<\/p>\n","protected":false},"author":2,"featured_media":0,"parent":0,"menu_order":0,"comment_status":"closed","ping_status":"closed","template":"page-marketplace.php","meta":{"om_disable_all_campaigns":false,"inline_featured_image":false,"_uf_show_specific_survey":0,"_uf_disable_surveys":false,"footnotes":""},"class_list":["post-1107","page","type-page","status-publish","hentry"],"lang":"et","translations":{"en":1347,"et":1107,"ru":1349},"pll_sync_post":[],"_links":{"self":[{"href":"https:\/\/kaamos.ee\/elumaja\/wp-json\/wp\/v2\/pages\/1107","targetHints":{"allow":["GET"]}}],"collection":[{"href":"https:\/\/kaamos.ee\/elumaja\/wp-json\/wp\/v2\/pages"}],"about":[{"href":"https:\/\/kaamos.ee\/elumaja\/wp-json\/wp\/v2\/types\/page"}],"author":[{"embeddable":true,"href":"https:\/\/kaamos.ee\/elumaja\/wp-json\/wp\/v2\/users\/2"}],"replies":[{"embeddable":true,"href":"https:\/\/kaamos.ee\/elumaja\/wp-json\/wp\/v2\/comments?post=1107"}],"version-history":[{"count":23,"href":"https:\/\/kaamos.ee\/elumaja\/wp-json\/wp\/v2\/pages\/1107\/revisions"}],"predecessor-version":[{"id":1488,"href":"https:\/\/kaamos.ee\/elumaja\/wp-json\/wp\/v2\/pages\/1107\/revisions\/1488"}],"wp:attachment":[{"href":"https:\/\/kaamos.ee\/elumaja\/wp-json\/wp\/v2\/media?parent=1107"}],"curies":[{"name":"wp","href":"https:\/\/api.w.org\/{rel}","templated":true}]}}