{"id":124,"date":"2021-07-25T20:07:16","date_gmt":"2021-07-25T20:07:16","guid":{"rendered":"https:\/\/kaamos.ee\/bulvari\/?page_id=49"},"modified":"2025-09-09T12:04:34","modified_gmt":"2025-09-09T12:04:34","slug":"siseviimistlus","status":"publish","type":"page","link":"https:\/\/kaamos.ee\/elumaja\/siseviimistlus\/","title":{"rendered":"Siseviimistlus"},"content":{"rendered":"<h1>Iga kodu on unikaalne kunstiteos.<\/h1>\n<p>Koost\u00f6\u00f6s sisearhitektib\u00fcrooga Ace of Space oleme loonud mitmekesise valiku siseviimistluse pakette, mis on inspireeritud Kalamaja piirkonna ajalooliste t\u00e4navate nimedest.<\/p>\n","protected":false},"excerpt":{"rendered":"<p>Iga kodu on unikaalne kunstiteos. Koost\u00f6\u00f6s sisearhitektib\u00fcrooga Ace of Space oleme loonud mitmekesise valiku siseviimistluse pakette, mis on inspireeritud Kalamaja piirkonna ajalooliste t\u00e4navate nimedest.<\/p>\n","protected":false},"author":1,"featured_media":341,"parent":0,"menu_order":19,"comment_status":"closed","ping_status":"closed","template":"page-viimistlus.php","meta":{"om_disable_all_campaigns":false,"inline_featured_image":false,"_uf_show_specific_survey":0,"_uf_disable_surveys":false,"footnotes":""},"class_list":["post-124","page","type-page","status-publish","has-post-thumbnail","hentry"],"lang":"et","translations":{"et":124,"en":448,"ru":449},"pll_sync_post":[],"_links":{"self":[{"href":"https:\/\/kaamos.ee\/elumaja\/wp-json\/wp\/v2\/pages\/124","targetHints":{"allow":["GET"]}}],"collection":[{"href":"https:\/\/kaamos.ee\/elumaja\/wp-json\/wp\/v2\/pages"}],"about":[{"href":"https:\/\/kaamos.ee\/elumaja\/wp-json\/wp\/v2\/types\/page"}],"author":[{"embeddable":true,"href":"https:\/\/kaamos.ee\/elumaja\/wp-json\/wp\/v2\/users\/1"}],"replies":[{"embeddable":true,"href":"https:\/\/kaamos.ee\/elumaja\/wp-json\/wp\/v2\/comments?post=124"}],"version-history":[{"count":34,"href":"https:\/\/kaamos.ee\/elumaja\/wp-json\/wp\/v2\/pages\/124\/revisions"}],"predecessor-version":[{"id":1809,"href":"https:\/\/kaamos.ee\/elumaja\/wp-json\/wp\/v2\/pages\/124\/revisions\/1809"}],"wp:featuredmedia":[{"embeddable":true,"href":"https:\/\/kaamos.ee\/elumaja\/wp-json\/"}],"wp:attachment":[{"href":"https:\/\/kaamos.ee\/elumaja\/wp-json\/wp\/v2\/media?parent=124"}],"curies":[{"name":"wp","href":"https:\/\/api.w.org\/{rel}","templated":true}]}}